{"id":25,"date":"2024-01-16T09:24:11","date_gmt":"2024-01-16T08:24:11","guid":{"rendered":"http:\/\/montermic.sferavoz.net\/?page_id=25"},"modified":"2025-01-14T12:08:34","modified_gmt":"2025-01-14T11:08:34","slug":"sobre-nosotros","status":"publish","type":"page","link":"https:\/\/montermicserviciostecnicos.com\/index.php\/sobre-nosotros\/","title":{"rendered":"Sobre Nosotros"},"content":{"rendered":"<p>[et_pb_section fb_built=\u00bb1&#8243; admin_label=\u00bbCall to Action\u00bb _builder_version=\u00bb4.23.4&#8243; _module_preset=\u00bbdefault\u00bb custom_margin=\u00bb5em||||false|false\u00bb collapsed=\u00bbon\u00bb global_colors_info=\u00bb{}\u00bb][et_pb_row column_structure=\u00bb1_2,1_2&#8243; _builder_version=\u00bb4.23.4&#8243; _module_preset=\u00bbdefault\u00bb global_colors_info=\u00bb{}\u00bb][et_pb_column type=\u00bb1_2&#8243; _builder_version=\u00bb4.23.4&#8243; _module_preset=\u00bbdefault\u00bb custom_padding=\u00bb0%||0%||true|false\u00bb custom_padding_tablet=\u00bb0%||0%||true|false\u00bb custom_padding_phone=\u00bb0%||0%||true|false\u00bb custom_padding_last_edited=\u00bbon|tablet\u00bb global_colors_info=\u00bb{}\u00bb][et_pb_text _builder_version=\u00bb4.19.2&#8243; _module_preset=\u00bb11a5309c-9fdf-43b5-860d-40e147a2b3f1&#8243; global_colors_info=\u00bb{}\u00bb]<\/p>\n<h1>Quienes somos<\/h1>\n<p>[\/et_pb_text][et_pb_text _builder_version=\u00bb4.25.0&#8243; _module_preset=\u00bbded463d2-3d0a-4436-ba81-d92e62827c87&#8243; hover_enabled=\u00bb0&#8243; global_colors_info=\u00bb{}\u00bb sticky_enabled=\u00bb0&#8243;]<\/p>\n<div>Somos una empresa dedicada a la\u00a0calefacci\u00f3n,\u00a0instalaci\u00f3n, reparaci\u00f3n, mantenimiento y tratamientos de agua. Con una experiencia de m\u00e1s de 25 a\u00f1os en el sector. Nuestra empresa cuenta con personal altamente cualificado, amplia experiencia y profesionalidad.<\/div>\n<div>Trabajamos con las mejores marcas del mercado. Somos t\u00e9cnicos oficiales de las marcas que instalamos.<\/div>\n<p>[\/et_pb_text][et_pb_button button_url=\u00bb@ET-DC@eyJkeW5hbWljIjp0cnVlLCJjb250ZW50IjoicG9zdF9saW5rX3VybF9wYWdlIiwic2V0dGluZ3MiOnsicG9zdF9pZCI6IjEyMSJ9fQ==@\u00bb button_text=\u00bbNuestros servicios \u00bb _builder_version=\u00bb4.23.4&#8243; _dynamic_attributes=\u00bbbutton_url\u00bb _module_preset=\u00bb7d8061f2-ed12-4997-8d7b-2319adcdcdf5&#8243; custom_margin=\u00bb||1px|||\u00bb global_colors_info=\u00bb{}\u00bb][\/et_pb_button][\/et_pb_column][et_pb_column type=\u00bb1_2&#8243; _builder_version=\u00bb4.19.0&#8243; _module_preset=\u00bbdefault\u00bb global_colors_info=\u00bb{}\u00bb][et_pb_image src=\u00bbhttps:\/\/montermicserviciostecnicos.com\/wp-content\/uploads\/2025\/01\/sobrenosotros.png\u00bb title_text=\u00bbsobrenosotros\u00bb _builder_version=\u00bb4.25.0&#8243; _module_preset=\u00bbdefault\u00bb custom_margin=\u00bb||||false|false\u00bb hover_enabled=\u00bb0&#8243; global_colors_info=\u00bb{}\u00bb sticky_enabled=\u00bb0&#8243;][\/et_pb_image][\/et_pb_column][\/et_pb_row][\/et_pb_section]<\/p>\n","protected":false},"excerpt":{"rendered":"<p>Quienes somosSomos una empresa dedicada a la\u00a0calefacci\u00f3n,\u00a0instalaci\u00f3n, reparaci\u00f3n, mantenimiento y tratamientos de agua. Con una experiencia de m\u00e1s de 25 a\u00f1os en el sector. Nuestra empresa cuenta con personal altamente cualificado, amplia experiencia y profesionalidad. Trabajamos con las mejores marcas del mercado. Somos t\u00e9cnicos oficiales de las marcas que instalamos.<\/p>\n","protected":false},"author":1,"featured_media":0,"parent":0,"menu_order":0,"comment_status":"closed","ping_status":"closed","template":"","meta":{"_et_pb_use_builder":"on","_et_pb_old_content":"<!-- wp:divi\/placeholder \/-->","_et_gb_content_width":"","footnotes":""},"class_list":["post-25","page","type-page","status-publish","hentry"],"yoast_head":"<!-- This site is optimized with the Yoast SEO plugin v26.4 - https:\/\/yoast.com\/wordpress\/plugins\/seo\/ -->\n<title>Sobre Nosotros - Montermic<\/title>\n<meta name=\"robots\" content=\"index, follow, max-snippet:-1, max-image-preview:large, max-video-preview:-1\" \/>\n<link rel=\"canonical\" href=\"https:\/\/montermicserviciostecnicos.com\/index.php\/sobre-nosotros\/\" \/>\n<meta property=\"og:locale\" content=\"es_ES\" \/>\n<meta property=\"og:type\" content=\"article\" \/>\n<meta property=\"og:title\" content=\"Sobre Nosotros - Montermic\" \/>\n<meta property=\"og:description\" content=\"Quienes somosSomos una empresa dedicada a la\u00a0calefacci\u00f3n,\u00a0instalaci\u00f3n, reparaci\u00f3n, mantenimiento y tratamientos de agua. Con una experiencia de m\u00e1s de 25 a\u00f1os en el sector. Nuestra empresa cuenta con personal altamente cualificado, amplia experiencia y profesionalidad. Trabajamos con las mejores marcas del mercado. Somos t\u00e9cnicos oficiales de las marcas que instalamos.\" \/>\n<meta property=\"og:url\" content=\"https:\/\/montermicserviciostecnicos.com\/index.php\/sobre-nosotros\/\" \/>\n<meta property=\"og:site_name\" content=\"Montermic\" \/>\n<meta property=\"article:modified_time\" content=\"2025-01-14T11:08:34+00:00\" \/>\n<meta name=\"twitter:card\" content=\"summary_large_image\" \/>\n<meta name=\"twitter:label1\" content=\"Tiempo de lectura\" \/>\n\t<meta name=\"twitter:data1\" content=\"1 minuto\" \/>\n<script type=\"application\/ld+json\" class=\"yoast-schema-graph\">{\"@context\":\"https:\/\/schema.org\",\"@graph\":[{\"@type\":\"WebPage\",\"@id\":\"https:\/\/montermicserviciostecnicos.com\/index.php\/sobre-nosotros\/\",\"url\":\"https:\/\/montermicserviciostecnicos.com\/index.php\/sobre-nosotros\/\",\"name\":\"Sobre Nosotros - Montermic\",\"isPartOf\":{\"@id\":\"https:\/\/montermicserviciostecnicos.com\/#website\"},\"datePublished\":\"2024-01-16T08:24:11+00:00\",\"dateModified\":\"2025-01-14T11:08:34+00:00\",\"breadcrumb\":{\"@id\":\"https:\/\/montermicserviciostecnicos.com\/index.php\/sobre-nosotros\/#breadcrumb\"},\"inLanguage\":\"es\",\"potentialAction\":[{\"@type\":\"ReadAction\",\"target\":[\"https:\/\/montermicserviciostecnicos.com\/index.php\/sobre-nosotros\/\"]}]},{\"@type\":\"BreadcrumbList\",\"@id\":\"https:\/\/montermicserviciostecnicos.com\/index.php\/sobre-nosotros\/#breadcrumb\",\"itemListElement\":[{\"@type\":\"ListItem\",\"position\":1,\"name\":\"Portada\",\"item\":\"https:\/\/montermicserviciostecnicos.com\/\"},{\"@type\":\"ListItem\",\"position\":2,\"name\":\"Sobre Nosotros\"}]},{\"@type\":\"WebSite\",\"@id\":\"https:\/\/montermicserviciostecnicos.com\/#website\",\"url\":\"https:\/\/montermicserviciostecnicos.com\/\",\"name\":\"Montermic\",\"description\":\"\",\"publisher\":{\"@id\":\"https:\/\/montermicserviciostecnicos.com\/#organization\"},\"potentialAction\":[{\"@type\":\"SearchAction\",\"target\":{\"@type\":\"EntryPoint\",\"urlTemplate\":\"https:\/\/montermicserviciostecnicos.com\/?s={search_term_string}\"},\"query-input\":{\"@type\":\"PropertyValueSpecification\",\"valueRequired\":true,\"valueName\":\"search_term_string\"}}],\"inLanguage\":\"es\"},{\"@type\":\"Organization\",\"@id\":\"https:\/\/montermicserviciostecnicos.com\/#organization\",\"name\":\"Montermic\",\"url\":\"https:\/\/montermicserviciostecnicos.com\/\",\"logo\":{\"@type\":\"ImageObject\",\"inLanguage\":\"es\",\"@id\":\"https:\/\/montermicserviciostecnicos.com\/#\/schema\/logo\/image\/\",\"url\":\"https:\/\/montermicserviciostecnicos.com\/wp-content\/uploads\/2024\/01\/Diseno-sin-titulo-1.png\",\"contentUrl\":\"https:\/\/montermicserviciostecnicos.com\/wp-content\/uploads\/2024\/01\/Diseno-sin-titulo-1.png\",\"width\":512,\"height\":512,\"caption\":\"Montermic\"},\"image\":{\"@id\":\"https:\/\/montermicserviciostecnicos.com\/#\/schema\/logo\/image\/\"}}]}<\/script>\n<!-- \/ Yoast SEO plugin. -->","yoast_head_json":{"title":"Sobre Nosotros - Montermic","robots":{"index":"index","follow":"follow","max-snippet":"max-snippet:-1","max-image-preview":"max-image-preview:large","max-video-preview":"max-video-preview:-1"},"canonical":"https:\/\/montermicserviciostecnicos.com\/index.php\/sobre-nosotros\/","og_locale":"es_ES","og_type":"article","og_title":"Sobre Nosotros - Montermic","og_description":"Quienes somosSomos una empresa dedicada a la\u00a0calefacci\u00f3n,\u00a0instalaci\u00f3n, reparaci\u00f3n, mantenimiento y tratamientos de agua. Con una experiencia de m\u00e1s de 25 a\u00f1os en el sector. Nuestra empresa cuenta con personal altamente cualificado, amplia experiencia y profesionalidad. Trabajamos con las mejores marcas del mercado. Somos t\u00e9cnicos oficiales de las marcas que instalamos.","og_url":"https:\/\/montermicserviciostecnicos.com\/index.php\/sobre-nosotros\/","og_site_name":"Montermic","article_modified_time":"2025-01-14T11:08:34+00:00","twitter_card":"summary_large_image","twitter_misc":{"Tiempo de lectura":"1 minuto"},"schema":{"@context":"https:\/\/schema.org","@graph":[{"@type":"WebPage","@id":"https:\/\/montermicserviciostecnicos.com\/index.php\/sobre-nosotros\/","url":"https:\/\/montermicserviciostecnicos.com\/index.php\/sobre-nosotros\/","name":"Sobre Nosotros - Montermic","isPartOf":{"@id":"https:\/\/montermicserviciostecnicos.com\/#website"},"datePublished":"2024-01-16T08:24:11+00:00","dateModified":"2025-01-14T11:08:34+00:00","breadcrumb":{"@id":"https:\/\/montermicserviciostecnicos.com\/index.php\/sobre-nosotros\/#breadcrumb"},"inLanguage":"es","potentialAction":[{"@type":"ReadAction","target":["https:\/\/montermicserviciostecnicos.com\/index.php\/sobre-nosotros\/"]}]},{"@type":"BreadcrumbList","@id":"https:\/\/montermicserviciostecnicos.com\/index.php\/sobre-nosotros\/#breadcrumb","itemListElement":[{"@type":"ListItem","position":1,"name":"Portada","item":"https:\/\/montermicserviciostecnicos.com\/"},{"@type":"ListItem","position":2,"name":"Sobre Nosotros"}]},{"@type":"WebSite","@id":"https:\/\/montermicserviciostecnicos.com\/#website","url":"https:\/\/montermicserviciostecnicos.com\/","name":"Montermic","description":"","publisher":{"@id":"https:\/\/montermicserviciostecnicos.com\/#organization"},"potentialAction":[{"@type":"SearchAction","target":{"@type":"EntryPoint","urlTemplate":"https:\/\/montermicserviciostecnicos.com\/?s={search_term_string}"},"query-input":{"@type":"PropertyValueSpecification","valueRequired":true,"valueName":"search_term_string"}}],"inLanguage":"es"},{"@type":"Organization","@id":"https:\/\/montermicserviciostecnicos.com\/#organization","name":"Montermic","url":"https:\/\/montermicserviciostecnicos.com\/","logo":{"@type":"ImageObject","inLanguage":"es","@id":"https:\/\/montermicserviciostecnicos.com\/#\/schema\/logo\/image\/","url":"https:\/\/montermicserviciostecnicos.com\/wp-content\/uploads\/2024\/01\/Diseno-sin-titulo-1.png","contentUrl":"https:\/\/montermicserviciostecnicos.com\/wp-content\/uploads\/2024\/01\/Diseno-sin-titulo-1.png","width":512,"height":512,"caption":"Montermic"},"image":{"@id":"https:\/\/montermicserviciostecnicos.com\/#\/schema\/logo\/image\/"}}]}},"_links":{"self":[{"href":"https:\/\/montermicserviciostecnicos.com\/index.php\/wp-json\/wp\/v2\/pages\/25","targetHints":{"allow":["GET"]}}],"collection":[{"href":"https:\/\/montermicserviciostecnicos.com\/index.php\/wp-json\/wp\/v2\/pages"}],"about":[{"href":"https:\/\/montermicserviciostecnicos.com\/index.php\/wp-json\/wp\/v2\/types\/page"}],"author":[{"embeddable":true,"href":"https:\/\/montermicserviciostecnicos.com\/index.php\/wp-json\/wp\/v2\/users\/1"}],"replies":[{"embeddable":true,"href":"https:\/\/montermicserviciostecnicos.com\/index.php\/wp-json\/wp\/v2\/comments?post=25"}],"version-history":[{"count":12,"href":"https:\/\/montermicserviciostecnicos.com\/index.php\/wp-json\/wp\/v2\/pages\/25\/revisions"}],"predecessor-version":[{"id":577,"href":"https:\/\/montermicserviciostecnicos.com\/index.php\/wp-json\/wp\/v2\/pages\/25\/revisions\/577"}],"wp:attachment":[{"href":"https:\/\/montermicserviciostecnicos.com\/index.php\/wp-json\/wp\/v2\/media?parent=25"}],"curies":[{"name":"wp","href":"https:\/\/api.w.org\/{rel}","templated":true}]}}